{"id":1536,"date":"2025-11-04T11:49:06","date_gmt":"2025-11-04T10:49:06","guid":{"rendered":"https:\/\/skinacademyjr.com\/?page_id=1536"},"modified":"2025-11-04T12:15:28","modified_gmt":"2025-11-04T11:15:28","slug":"rejestracja-w-crkbo","status":"publish","type":"page","link":"https:\/\/skinacademyjr.com\/nl\/rejestracja-w-crkbo\/","title":{"rendered":"Registratie bij CRKBO"},"content":{"rendered":"<div data-elementor-type=\"wp-page\" data-elementor-id=\"1536\" class=\"elementor elementor-1536\" data-elementor-post-type=\"page\">\n\t\t\t\t\t\t<section class=\"elementor-section elementor-top-section elementor-element elementor-element-7e708946 elementor-section-boxed elementor-section-height-default elementor-section-height-default\" data-id=\"7e708946\" data-element_type=\"section\" data-settings=\"{&quot;background_background&quot;:&quot;classic&quot;,&quot;shape_divider_bottom&quot;:&quot;waves&quot;}\">\n\t\t\t\t\t\t\t<div class=\"elementor-background-overlay\"><\/div>\n\t\t\t\t\t\t<div class=\"elementor-shape elementor-shape-bottom\" aria-hidden=\"true\" data-negative=\"false\">\n\t\t\t<svg xmlns=\"http:\/\/www.w3.org\/2000\/svg\" viewbox=\"0 0 1000 100\" preserveaspectratio=\"none\">\n\t<path class=\"elementor-shape-fill\" d=\"M421.9,6.5c22.6-2.5,51.5,0.4,75.5,5.3c23.6,4.9,70.9,23.5,100.5,35.7c75.8,32.2,133.7,44.5,192.6,49.7\tc23.6,2.1,48.7,3.5,103.4-2.5c54.7-6,106.2-25.6,106.2-25.6V0H0v30.3c0,0,72,32.6,158.4,30.5c39.2-0.7,92.8-6.7,134-22.4\tc21.2-8.1,52.2-18.2,79.7-24.2C399.3,7.9,411.6,7.5,421.9,6.5z\"\/>\n<\/svg>\t\t<\/div>\n\t\t\t\t\t<div class=\"elementor-container elementor-column-gap-no\">\n\t\t\t\t\t<div class=\"elementor-column elementor-col-50 elementor-top-column elementor-element elementor-element-5a28935f\" data-id=\"5a28935f\" data-element_type=\"column\">\n\t\t\t<div class=\"elementor-widget-wrap elementor-element-populated\">\n\t\t\t\t\t\t<div class=\"elementor-element elementor-element-7bf8d9b5 elementor-widget elementor-widget-heading\" data-id=\"7bf8d9b5\" data-element_type=\"widget\" data-widget_type=\"heading.default\">\n\t\t\t\t<div class=\"elementor-widget-container\">\n\t\t\t\t\t<h4 class=\"elementor-heading-title elementor-size-default\">HUIDACADEMIE DOOR JULIA ROGOZI\u0143SKA<\/h4>\t\t\t\t<\/div>\n\t\t\t\t<\/div>\n\t\t\t\t<div class=\"elementor-element elementor-element-3b02be15 elementor-widget elementor-widget-image-box\" data-id=\"3b02be15\" data-element_type=\"widget\" data-widget_type=\"image-box.default\">\n\t\t\t\t<div class=\"elementor-widget-container\">\n\t\t\t\t\t<div class=\"elementor-image-box-wrapper\"><div class=\"elementor-image-box-content\"><h1 class=\"elementor-image-box-title\">CRKBO<\/h1><p class=\"elementor-image-box-description\">Registratie bij CRKBO<\/p><\/div><\/div>\t\t\t\t<\/div>\n\t\t\t\t<\/div>\n\t\t\t\t\t<\/div>\n\t\t<\/div>\n\t\t\t\t<div class=\"elementor-column elementor-col-50 elementor-top-column elementor-element elementor-element-10f833\" data-id=\"10f833\" data-element_type=\"column\">\n\t\t\t<div class=\"elementor-widget-wrap elementor-element-populated\">\n\t\t\t\t\t\t<div class=\"elementor-element elementor-element-3152608a elementor-widget elementor-widget-menu-anchor\" data-id=\"3152608a\" data-element_type=\"widget\" data-widget_type=\"menu-anchor.default\">\n\t\t\t\t<div class=\"elementor-widget-container\">\n\t\t\t\t\t\t\t<div class=\"elementor-menu-anchor\" id=\"Akademia\"><\/div>\n\t\t\t\t\t\t<\/div>\n\t\t\t\t<\/div>\n\t\t\t\t\t<\/div>\n\t\t<\/div>\n\t\t\t\t\t<\/div>\n\t\t<\/section>\n\t\t\t\t<section class=\"elementor-section elementor-top-section elementor-element elementor-element-356b351b elementor-section-boxed elementor-section-height-default elementor-section-height-default\" data-id=\"356b351b\" data-element_type=\"section\" data-settings=\"{&quot;background_background&quot;:&quot;classic&quot;}\">\n\t\t\t\t\t\t<div class=\"elementor-container elementor-column-gap-no\">\n\t\t\t\t\t<div class=\"elementor-column elementor-col-100 elementor-top-column elementor-element elementor-element-d08a680\" data-id=\"d08a680\" data-element_type=\"column\">\n\t\t\t<div class=\"elementor-widget-wrap elementor-element-populated\">\n\t\t\t\t\t\t<div class=\"elementor-element elementor-element-2ab04558 elementor-widget elementor-widget-heading\" data-id=\"2ab04558\" data-element_type=\"widget\" data-widget_type=\"heading.default\">\n\t\t\t\t<div class=\"elementor-widget-container\">\n\t\t\t\t\t<h2 class=\"elementor-heading-title elementor-size-default\">Een historisch moment voor de Poolse schoonheidsindustrie in Nederland\u00a0<\/h2>\t\t\t\t<\/div>\n\t\t\t\t<\/div>\n\t\t\t\t<div class=\"elementor-element elementor-element-53355ca elementor-widget elementor-widget-image\" data-id=\"53355ca\" data-element_type=\"widget\" data-widget_type=\"image.default\">\n\t\t\t\t<div class=\"elementor-widget-container\">\n\t\t\t\t\t\t\t\t\t\t\t\t\t\t\t<img fetchpriority=\"high\" decoding=\"async\" width=\"283\" height=\"283\" src=\"https:\/\/skinacademyjr.com\/wp-content\/uploads\/2025\/11\/Projekt-bez-nazwy-34.png\" class=\"attachment-large size-large wp-image-1545\" alt=\"\" srcset=\"https:\/\/skinacademyjr.com\/wp-content\/uploads\/2025\/11\/Projekt-bez-nazwy-34.png 283w, https:\/\/skinacademyjr.com\/wp-content\/uploads\/2025\/11\/Projekt-bez-nazwy-34-150x150.png 150w, https:\/\/skinacademyjr.com\/wp-content\/uploads\/2025\/11\/Projekt-bez-nazwy-34-12x12.png 12w\" sizes=\"(max-width: 283px) 100vw, 283px\" \/>\t\t\t\t\t\t\t\t\t\t\t\t\t\t\t<\/div>\n\t\t\t\t<\/div>\n\t\t\t\t\t<\/div>\n\t\t<\/div>\n\t\t\t\t\t<\/div>\n\t\t<\/section>\n\t\t\t\t<section class=\"elementor-section elementor-top-section elementor-element elementor-element-163ff931 elementor-section-boxed elementor-section-height-default elementor-section-height-default\" data-id=\"163ff931\" data-element_type=\"section\">\n\t\t\t\t\t\t<div class=\"elementor-container elementor-column-gap-default\">\n\t\t\t\t\t<div class=\"elementor-column elementor-col-100 elementor-top-column elementor-element elementor-element-5836c026\" data-id=\"5836c026\" data-element_type=\"column\">\n\t\t\t<div class=\"elementor-widget-wrap elementor-element-populated\">\n\t\t\t\t\t\t<div class=\"elementor-element elementor-element-b0de78b elementor-widget elementor-widget-text-editor\" data-id=\"b0de78b\" data-element_type=\"widget\" data-widget_type=\"text-editor.default\">\n\t\t\t\t<div class=\"elementor-widget-container\">\n\t\t\t\t\t\t\t\t\t<div>\n<div>Wij zijn er trots op om te mogen melden dat Skin Academy Julia Rogozi\u0144ska als eerste Poolse opleidingsinstelling in Nederland is opgenomen in het offici\u00eble register van het CRKBO (Centraal Register Kort Beroepsonderwijs).<\/div>\n<div>Dit is een uitzonderlijke stap voorwaarts voor de Poolse schoonheidsgemeenschap in Nederland.<\/div>\n<div>Registratie bij het CRKBO bevestigt dat Skin Academy voldoet aan de Nederlandse kwaliteitsnormen voor beroepsonderwijs en werkt volgens de CRKBO-Kwaliteitscode. Deze code beschrijft transparante principes op het gebied van lesgeven, beroepsethiek, veiligheid en financi\u00eble transparantie.<\/div>\n<div>Hierdoor heeft Skin Academy het recht verkregen om beroepsonderwijs te geven, vrijgesteld van BTW \u2013 conform de eisen van het Ministerie van Onderwijs, Cultuur en Wetenschap.<\/div><div><br><\/div>\n<div>Wat dit voor onze studenten betekent:<\/div>\n<div>\u2013 u volgt een opleiding bij een instelling die officieel geregistreerd staat in het Nederlandse register voor beroepsonderwijs,<\/div>\n<div>\u2013 Uw diploma of certificaat bevestigt de kwalificaties die zijn behaald in een instelling die voldoet aan de Europese kwaliteitsnormen voor onderwijs,<\/div>\n<div>\u2013 Uw opleiding heeft de status van een beroepsopleiding \u2013 erkend in de onderwijsstructuren en op de arbeidsmarkt in de hele Europese Unie,<\/div>\n<div>\u2013 je leert in een omgeving die prioriteit geeft aan ethiek, veiligheid, professionaliteit en persoonlijke ontwikkeling,<\/div>\n<div>\u2013 u investeert in onderwijs met bewezen kwaliteit en transparante regels \u2013 geregistreerd in het CRKBO-systeem.<\/div>\n<div>Dit is niet alleen ons succes... het is een doorbraak voor de gehele Poolse schoonheidsindustrie in Nederland.<\/div>\n<div>&nbsp;<\/div>\n<div>Het bewijs dat passie, professionaliteit en vastberadenheid nieuwe kansen kunnen cre\u00ebren en de onderwijsnormen op Europees niveau kunnen bepalen.<\/div>\n<div>Registratie bij het CRKBO is niet alleen een prestigieuze vermelding in het register, het is ook een verplichting.<\/div>\n<div>Een toewijding aan lesgeven met respect voor de principes van kwaliteit, veiligheid en ethiek.<\/div>\n<div>Het is bovendien een garantie voor onze studenten dat elke investering in ontwikkeling beschermd is en voldoet aan de hoogste onderwijsnormen die in Nederland gelden.<\/div>\n<div>Het diploma van de Skin Academy opent nieuwe carri\u00e8reperspectieven in de hele Europese Unie.<\/div>\n<div>&nbsp;<\/div>\n<div>Onze afgestudeerden ontwikkelen hun carri\u00e8re in kantoren, klinieken en eigen salons \u2013 niet alleen in Nederland, maar ook in Duitsland, Belgi\u00eb en Polen.<\/div>\n<div>Het bewijst dat de kennis die u bij Skin Academy opdoet, van grote waarde is \u2013 professioneel en internationaal.<\/div>\n<div>Wij willen onze studenten en afgestudeerden bedanken. Dankzij jullie krijgt dit project zin, groeit het en inspireert het toekomstige generaties specialisten.<\/div>\n<div>&nbsp;<\/div>\n<div>Uw vertrouwen, passie en betrokkenheid geven het schoonheidsonderwijs in Nederland een geheel nieuwe dimensie.<\/div>\n<div>&nbsp;<\/div>\n<div>Skin Academy Julia Rogozi\u0144ska \u2013 het eerste Poolse opleidingscentrum in Nederland met CRKBO-registratie.<\/div>\n<div>&nbsp;<\/div>\n<div>Hier wordt passie een beroep. Hier begint een nieuwe standaard in schoonheidsonderwijs.<\/div>\n<div>&nbsp;<\/div>\n<\/div>\t\t\t\t\t\t\t\t<\/div>\n\t\t\t\t<\/div>\n\t\t\t\t\t<\/div>\n\t\t<\/div>\n\t\t\t\t\t<\/div>\n\t\t<\/section>\n\t\t\t\t<\/div>","protected":false},"excerpt":{"rendered":"<p>SKIN ACADEMY BY JULIA ROGOZI\u0143SKA CRKBO Rejestracja w CRKBO Historyczny moment dla polskiej bran\u017cy beauty w Holandii\u00a0 Z ogromn\u0105 dum\u0105 og\u0142aszamy, \u017ce Skin Academy Julia Rogozi\u0144ska zosta\u0142a pierwsz\u0105 polsk\u0105 plac\u00f3wk\u0105 szkoleniow\u0105 w Holandii, wpisan\u0105 do oficjalnego rejestru CRKBO (Centraal Register Kort Beroepsonderwijs) &#8211; Centralnego Rejestru Kr\u00f3tkich Szkole\u0144 Zawodowych. To wyj\u0105tkowy krok naprz\u00f3d dla polskiej spo\u0142eczno\u015bci [&hellip;]<\/p>","protected":false},"author":1,"featured_media":0,"parent":0,"menu_order":0,"comment_status":"closed","ping_status":"closed","template":"","meta":{"_uag_custom_page_level_css":"","site-sidebar-layout":"no-sidebar","site-content-layout":"page-builder","ast-site-content-layout":"full-width-container","site-content-style":"default","site-sidebar-style":"default","ast-global-header-display":"","ast-banner-title-visibility":"","ast-main-header-display":"","ast-hfb-above-header-display":"","ast-hfb-below-header-display":"","ast-hfb-mobile-header-display":"","site-post-title":"","ast-breadcrumbs-content":"","ast-featured-img":"disabled","footer-sml-layout":"","theme-transparent-header-meta":"","adv-header-id-meta":"","stick-header-meta":"","header-above-stick-meta":"","header-main-stick-meta":"","header-below-stick-meta":"","astra-migrate-meta-layouts":"set","ast-page-background-enabled":"default","ast-page-background-meta":{"desktop":{"background-color":"var(--ast-global-color-4)","background-image":"","background-repeat":"repeat","background-position":"center center","background-size":"auto","background-attachment":"scroll","background-type":"","background-media":"","overlay-type":"","overlay-color":"","overlay-opacity":"","overlay-gradient":""},"tablet":{"background-color":"","background-image":"","background-repeat":"repeat","background-position":"center center","background-size":"auto","background-attachment":"scroll","background-type":"","background-media":"","overlay-type":"","overlay-color":"","overlay-opacity":"","overlay-gradient":""},"mobile":{"background-color":"","background-image":"","background-repeat":"repeat","background-position":"center center","background-size":"auto","background-attachment":"scroll","background-type":"","background-media":"","overlay-type":"","overlay-color":"","overlay-opacity":"","overlay-gradient":""}},"ast-content-background-meta":{"desktop":{"background-color":"var(--ast-global-color-5)","background-image":"","background-repeat":"repeat","background-position":"center center","background-size":"auto","background-attachment":"scroll","background-type":"","background-media":"","overlay-type":"","overlay-color":"","overlay-opacity":"","overlay-gradient":""},"tablet":{"background-color":"var(--ast-global-color-5)","background-image":"","background-repeat":"repeat","background-position":"center center","background-size":"auto","background-attachment":"scroll","background-type":"","background-media":"","overlay-type":"","overlay-color":"","overlay-opacity":"","overlay-gradient":""},"mobile":{"background-color":"var(--ast-global-color-5)","background-image":"","background-repeat":"repeat","background-position":"center center","background-size":"auto","background-attachment":"scroll","background-type":"","background-media":"","overlay-type":"","overlay-color":"","overlay-opacity":"","overlay-gradient":""}},"footnotes":""},"class_list":["post-1536","page","type-page","status-publish","hentry"],"uagb_featured_image_src":{"full":false,"thumbnail":false,"medium":false,"medium_large":false,"large":false,"1536x1536":false,"2048x2048":false,"trp-custom-language-flag":false},"uagb_author_info":{"display_name":"basiazygan","author_link":"https:\/\/skinacademyjr.com\/nl\/author\/basiazygan\/"},"uagb_comment_info":0,"uagb_excerpt":"SKIN ACADEMY BY JULIA ROGOZI\u0143SKA CRKBO Rejestracja w CRKBO Historyczny moment dla polskiej bran\u017cy beauty w Holandii\u00a0 Z ogromn\u0105 dum\u0105 og\u0142aszamy, \u017ce Skin Academy Julia Rogozi\u0144ska zosta\u0142a pierwsz\u0105 polsk\u0105 plac\u00f3wk\u0105 szkoleniow\u0105 w Holandii, wpisan\u0105 do oficjalnego rejestru CRKBO (Centraal Register Kort Beroepsonderwijs) &#8211; Centralnego Rejestru Kr\u00f3tkich Szkole\u0144 Zawodowych. To wyj\u0105tkowy krok naprz\u00f3d dla polskiej spo\u0142eczno\u015bci&hellip;","_links":{"self":[{"href":"https:\/\/skinacademyjr.com\/nl\/wp-json\/wp\/v2\/pages\/1536","targetHints":{"allow":["GET"]}}],"collection":[{"href":"https:\/\/skinacademyjr.com\/nl\/wp-json\/wp\/v2\/pages"}],"about":[{"href":"https:\/\/skinacademyjr.com\/nl\/wp-json\/wp\/v2\/types\/page"}],"author":[{"embeddable":true,"href":"https:\/\/skinacademyjr.com\/nl\/wp-json\/wp\/v2\/users\/1"}],"replies":[{"embeddable":true,"href":"https:\/\/skinacademyjr.com\/nl\/wp-json\/wp\/v2\/comments?post=1536"}],"version-history":[{"count":10,"href":"https:\/\/skinacademyjr.com\/nl\/wp-json\/wp\/v2\/pages\/1536\/revisions"}],"predecessor-version":[{"id":1555,"href":"https:\/\/skinacademyjr.com\/nl\/wp-json\/wp\/v2\/pages\/1536\/revisions\/1555"}],"wp:attachment":[{"href":"https:\/\/skinacademyjr.com\/nl\/wp-json\/wp\/v2\/media?parent=1536"}],"curies":[{"name":"wp","href":"https:\/\/api.w.org\/{rel}","templated":true}]}}